{"id":1414,"date":"2024-11-04T17:08:52","date_gmt":"2024-11-04T17:08:52","guid":{"rendered":"https:\/\/claudettelemay.com\/?page_id=1414"},"modified":"2025-01-25T14:40:28","modified_gmt":"2025-01-25T14:40:28","slug":"contact","status":"publish","type":"page","link":"https:\/\/claudettelemay.com\/en\/contact\/","title":{"rendered":"contact"},"content":{"rendered":"\t\t<div data-elementor-type=\"wp-page\" data-elementor-id=\"1414\" class=\"elementor elementor-1414 elementor-786\" data-elementor-post-type=\"page\">\n\t\t\t\t<div class=\"elementor-element elementor-element-763bba9 e-flex e-con-boxed e-con e-parent\" data-id=\"763bba9\" data-element_type=\"container\" data-e-type=\"container\">\n\t\t\t\t\t<div class=\"e-con-inner\">\n\t\t<div class=\"elementor-element elementor-element-27ad164 e-con-full e-flex e-con e-child\" data-id=\"27ad164\" data-element_type=\"container\" data-e-type=\"container\">\n\t\t<div class=\"elementor-element elementor-element-f7e8b32 e-con-full e-flex e-con e-child\" data-id=\"f7e8b32\" data-element_type=\"container\" data-e-type=\"container\">\n\t\t\t\t<div class=\"elementor-element elementor-element-79a988b elementor-widget elementor-widget-heading\" data-id=\"79a988b\" data-element_type=\"widget\" data-e-type=\"widget\" data-widget_type=\"heading.default\">\n\t\t\t\t<div class=\"elementor-widget-container\">\n\t\t\t\t\t<h1 class=\"elementor-heading-title elementor-size-default\">contact<\/h1>\t\t\t\t<\/div>\n\t\t\t\t<\/div>\n\t\t\t\t<div class=\"elementor-element elementor-element-1580c95 elementor-widget-divider--view-line elementor-widget elementor-widget-divider\" data-id=\"1580c95\" data-element_type=\"widget\" data-e-type=\"widget\" data-widget_type=\"divider.default\">\n\t\t\t\t<div class=\"elementor-widget-container\">\n\t\t\t\t\t\t\t<div class=\"elementor-divider\">\n\t\t\t<span class=\"elementor-divider-separator\">\n\t\t\t\t\t\t<\/span>\n\t\t<\/div>\n\t\t\t\t\t\t<\/div>\n\t\t\t\t<\/div>\n\t\t\t\t<\/div>\n\t\t\t\t<\/div>\n\t\t<div class=\"elementor-element elementor-element-3abd7a0 e-con-full e-flex e-con e-child\" data-id=\"3abd7a0\" data-element_type=\"container\" data-e-type=\"container\">\n\t\t<div class=\"elementor-element elementor-element-f4fc7dd e-con-full e-flex e-con e-child\" data-id=\"f4fc7dd\" data-element_type=\"container\" data-e-type=\"container\">\n\t\t\t\t<div class=\"elementor-element elementor-element-bd14172 elementor-widget elementor-widget-text-editor\" data-id=\"bd14172\" data-element_type=\"widget\" data-e-type=\"widget\" data-widget_type=\"text-editor.default\">\n\t\t\t\t<div class=\"elementor-widget-container\">\n\t\t\t\t\t\t\t\t\t<p>info(a)claudettelemay.com<br \/><br \/><a href=\"https:\/\/www.instagram.com\/claudette_lemay\/\" target=\"_blank\" rel=\"noopener\">Instagram<\/a><br \/><a href=\"http:\/\/perte-de-signal.org\/\" target=\"_blank\" rel=\"noopener\">perte de signal<\/a><br \/><a href=\"http:\/\/www.cooplezarts.org\/\" target=\"_blank\" rel=\"noopener\">La Chaufferie\/Coop\u00e9rative Lezarts<\/a><br \/><a href=\"https:\/\/latraverseegeopoetique.com\/\" target=\"_blank\" rel=\"noopener\">La travers\u00e9e, atelier de g\u00e9opo\u00e9tique<\/a><\/p>\t\t\t\t\t\t\t\t<\/div>\n\t\t\t\t<\/div>\n\t\t\t\t<div class=\"elementor-element elementor-element-57a5822 elementor-widget-divider--view-line elementor-widget elementor-widget-divider\" data-id=\"57a5822\" data-element_type=\"widget\" data-e-type=\"widget\" data-widget_type=\"divider.default\">\n\t\t\t\t<div class=\"elementor-widget-container\">\n\t\t\t\t\t\t\t<div class=\"elementor-divider\">\n\t\t\t<span class=\"elementor-divider-separator\">\n\t\t\t\t\t\t<\/span>\n\t\t<\/div>\n\t\t\t\t\t\t<\/div>\n\t\t\t\t<\/div>\n\t\t\t\t<\/div>\n\t\t<div class=\"elementor-element elementor-element-2a3abf4 e-con-full e-flex e-con e-child\" data-id=\"2a3abf4\" data-element_type=\"container\" data-e-type=\"container\">\n\t\t\t\t<\/div>\n\t\t\t\t<\/div>\n\t\t\t\t\t<\/div>\n\t\t\t\t<\/div>\n\t\t\t\t<\/div>\n\t\t","protected":false},"excerpt":{"rendered":"<p>contact info(a)claudettelemay.com Instagramperte de signalLa Chaufferie\/Coop\u00e9rative LezartsLa travers\u00e9e, atelier de g\u00e9opo\u00e9tique<\/p>\n","protected":false},"author":1,"featured_media":0,"parent":0,"menu_order":0,"comment_status":"closed","ping_status":"closed","template":"elementor_header_footer","meta":{"_acf_changed":false,"footnotes":""},"class_list":["post-1414","page","type-page","status-publish","hentry"],"acf":[],"_links":{"self":[{"href":"https:\/\/claudettelemay.com\/en\/wp-json\/wp\/v2\/pages\/1414","targetHints":{"allow":["GET"]}}],"collection":[{"href":"https:\/\/claudettelemay.com\/en\/wp-json\/wp\/v2\/pages"}],"about":[{"href":"https:\/\/claudettelemay.com\/en\/wp-json\/wp\/v2\/types\/page"}],"author":[{"embeddable":true,"href":"https:\/\/claudettelemay.com\/en\/wp-json\/wp\/v2\/users\/1"}],"replies":[{"embeddable":true,"href":"https:\/\/claudettelemay.com\/en\/wp-json\/wp\/v2\/comments?post=1414"}],"version-history":[{"count":2,"href":"https:\/\/claudettelemay.com\/en\/wp-json\/wp\/v2\/pages\/1414\/revisions"}],"predecessor-version":[{"id":1995,"href":"https:\/\/claudettelemay.com\/en\/wp-json\/wp\/v2\/pages\/1414\/revisions\/1995"}],"wp:attachment":[{"href":"https:\/\/claudettelemay.com\/en\/wp-json\/wp\/v2\/media?parent=1414"}],"curies":[{"name":"wp","href":"https:\/\/api.w.org\/{rel}","templated":true}]}}